{"id":5209,"date":"2016-01-21T10:49:58","date_gmt":"2016-01-21T09:49:58","guid":{"rendered":"http:\/\/rosekosmetikstudio.de\/wordpress\/?page_id=5209"},"modified":"2024-08-20T12:46:43","modified_gmt":"2024-08-20T10:46:43","slug":"willkommen","status":"publish","type":"page","link":"https:\/\/rosekosmetikstudio.de\/wordpress\/","title":{"rendered":"Willkommen"},"content":{"rendered":"<p><\/p>\n<!--themify_builder_content-->\n<div id=\"themify_builder_content-5209\" data-postid=\"5209\" class=\"themify_builder_content themify_builder_content-5209 themify_builder tf_clear\">\n    \t<!-- module_row -->\n\t<div  data-css_id=\"gro2204\" data-lazy=\"1\" class=\"module_row themify_builder_row builder-parallax-scrolling fullwidth_row_container tb_gro2204 tb_first tf_clearfix\" >\n\t    <div class=\"builder_row_cover tf_abs\"><\/div>\t\t<div class=\"row_inner col_align_top col-count-3 tf_box tf_w tf_rel\">\n\t\t\t<div  data-lazy=\"1\" class=\"module_column tb-column col4-1 first tb_asla450 tf_box\">\n\t\t\t    \t<\/div>\n\t\t<div  data-lazy=\"1\" class=\"module_column tb-column col4-2 middle tb_565f046 tf_box\">\n\t\t\t    \t        <div class=\"tb-column-inner tf_box tf_w\">\n\t\t    \t<div  data-lazy=\"1\" class=\"module_subrow themify_builder_sub_row tb_vnej736 tf_w tf_clearfix\">\n\t    \t\t<div class=\"subrow_inner col_align_top gutter-none col-count-3 tf_box tf_w\">\n\t\t\t<div  data-lazy=\"1\" class=\"sub_column module_column tf_box col4-1 first tb_ue20646\"> \n\t    \t    \t<\/div>\n\t\t<div  data-lazy=\"1\" class=\"sub_column module_column tf_box col4-2 middle tb_fqxg004\"> \n\t    \t    \t        <div class=\"tb-column-inner tf_box tf_w\">\n\t\t    <!-- module image -->\n<div  class=\"module module-image tb_ewua734   image-top tf_mw wow\" data-tf-animation=\"fadeIn\" data-tf-animation_delay=\"1\" data-lazy=\"1\">\n        <div class=\"image-wrap tf_rel tf_mw\">\n\t\t    <img src=\"http:\/\/rosekosmetikstudio.de\/wordpress\/wp-content\/uploads\/2016\/01\/LOGO700.png\" width=\"700\" height=\"624\" title=\"Willkommen\" alt=\"Willkommen\">\t\n\t\t<\/div>\n\t<!-- \/image-wrap -->\n    \n    \t<\/div>\n<!-- \/module image -->\t        <\/div>\n\t    \t<\/div>\n\t\t<div  data-lazy=\"1\" class=\"sub_column module_column tf_box col4-1 last tb_pyjb630\"> \n\t    \t    \t<\/div>\n\t\t    <\/div>\n\t<\/div><!-- \/themify_builder_sub_row -->\n\t<!-- module text -->\n<div  class=\"module module-text tb_15om646    wow\" data-tf-animation=\"fadeIn\" data-lazy=\"1\">\n        <div  class=\"tb_text_wrap\">\n    <h1 style=\"text-align: center;\"><strong><span style=\"color: #70706f;\">UNVERGLEICHBARE PFLEGE<\/span><\/strong><\/h1>    <\/div>\n<\/div>\n<!-- \/module text --><!-- module text -->\n<div  class=\"module module-text tb_wnu2040    wow\" data-tf-animation=\"fadeIn\" data-lazy=\"1\">\n        <div  class=\"tb_text_wrap\">\n    <p>Erleben Sie au\u00dfergew\u00f6hnliche und wirkungsvolle Beauty-Programme.<\/p><p style=\"text-align: center;\"><a href=\"http:\/\/rosekosmetikstudio.de\/wordpress\/angebot\/\" class=\"shortcode button    grey large flat\" style=\"background-color: #a4144f;color: white;\">Unser Angebot<\/a><\/p>    <\/div>\n<\/div>\n<!-- \/module text -->\t        <\/div>\n\t    \t<\/div>\n\t\t<div  data-lazy=\"1\" class=\"module_column tb-column col4-1 last tb_2hg7090 tf_box\">\n\t\t\t    \t<\/div>\n\t\t    <\/div>\n\t    <!-- \/row_inner -->\n\t<\/div>\n\t<!-- \/module_row -->\n\t\t<!-- module_row -->\n\t<div  data-lazy=\"1\" class=\"module_row themify_builder_row tb_mgd2000 tf_clearfix\" >\n\t    \t\t<div class=\"row_inner col_align_top col-count-2 tf_box tf_w tf_rel\">\n\t\t\t<div  data-lazy=\"1\" class=\"module_column tb-column col4-1 first tb_60ex996 tf_box\">\n\t\t\t    \t        <div class=\"tb-column-inner tf_box tf_w\">\n\t\t    <!-- module image -->\n<div  class=\"module module-image tb_wzci626 rounded  image-top tf_mw wow\" data-tf-animation=\"fadeInLeft\" data-lazy=\"1\">\n        <div class=\"image-wrap tf_rel tf_mw\">\n\t\t    <img src=\"http:\/\/rosekosmetikstudio.de\/wordpress\/wp-content\/uploads\/2024\/08\/rose-2408-09.jpg\" width=\"1312\" height=\"300\" title=\"Willkommen\" alt=\"Willkommen\">\t\n\t\t<\/div>\n\t<!-- \/image-wrap -->\n    \n    \t<\/div>\n<!-- \/module image -->\t        <\/div>\n\t    \t<\/div>\n\t\t<div  data-lazy=\"1\" class=\"module_column tb-column col4-3 last tb_75az646 tf_box\">\n\t\t\t    \t        <div class=\"tb-column-inner tf_box tf_w\">\n\t\t    <!-- module text -->\n<div  class=\"module module-text tb_67ui606    wow\" data-tf-animation=\"fadeInRight\" data-lazy=\"1\">\n        <div  class=\"tb_text_wrap\">\n    <h3><span style=\"color: #a3144f;\"><a href=\"http:\/\/rosekosmetikstudio.de\/wordpress\/landing\/\">IHRE\u00a0ENTSPANNUNGS-OASE<\/a><\/span><\/h3><p>Wir verw\u00f6hnen Ihre Haut mit hochwertigen Pflegeprodukten. Genie\u00dfen Sie Ruhe und Entspannung f\u00fcr K\u00f6rper und Geist in einem sch\u00f6nen Ambiente.\u00a0Entfliehen Sie aus dem Alltag und lassen Sie sich von unserem Team mit Wellness- und Sch\u00f6nheitsbehandlungen verw\u00f6hnen.<a href=\"http:\/\/rosekosmetikstudio.de\/wordpress\/ueber_uns\"> Lernen sie unser Team und Studio n\u00e4her kennen&#8230;<\/a><\/p>    <\/div>\n<\/div>\n<!-- \/module text -->\t        <\/div>\n\t    \t<\/div>\n\t\t    <\/div>\n\t    <!-- \/row_inner -->\n\t<\/div>\n\t<!-- \/module_row -->\n\t\t<!-- module_row -->\n\t<div  data-lazy=\"1\" class=\"module_row themify_builder_row tb_8944401 tf_clearfix\" >\n\t    <div class=\"builder_row_cover tf_abs\"><\/div>\t\t<div class=\"row_inner col_align_top col-count-2 tf_box tf_w tf_rel\">\n\t\t\t<div  data-lazy=\"1\" class=\"module_column tb-column col3-1 first tb_mrs9414 tf_box\">\n\t\t\t    \t        <div class=\"tb-column-inner tf_box tf_w\">\n\t\t    <!-- module text -->\n<div  class=\"module module-text tb_liji600    wow\" data-tf-animation=\"fadeInLeft\" data-lazy=\"1\">\n        <div  class=\"tb_text_wrap\">\n    <h3 style=\"text-align: right;\"><span style=\"color: #a3144f;\">UNSERE PARTNER<\/span><\/h3>\n<p style=\"text-align: right;\">Kosmetikstudio Rose kooperiert mit mehreren renommierten Unternehmen um Ihnen ein breit gef\u00e4chertes Angebot und hervorragende Preise zu bieten.\u00a0<\/p>    <\/div>\n<\/div>\n<!-- \/module text -->\t        <\/div>\n\t    \t<\/div>\n\t\t<div  data-lazy=\"1\" class=\"module_column tb-column col3-2 last tb_gqvc440 tf_box\">\n\t\t\t    \t        <div class=\"tb-column-inner tf_box tf_w\">\n\t\t    <!-- module image -->\n<div  class=\"module module-image tb_r2mp040 rounded  image-top tf_mw wow\" data-tf-animation=\"fadeInRight\" data-lazy=\"1\">\n        <div class=\"image-wrap tf_rel tf_mw\">\n\t\t    <img src=\"http:\/\/rosekosmetikstudio.de\/wordpress\/wp-content\/uploads\/2016\/01\/PIC3-1.png\" width=\"1500\" height=\"735\" title=\"Willkommen\" alt=\"Willkommen\">\t\n\t\t<\/div>\n\t<!-- \/image-wrap -->\n    \n    \t<\/div>\n<!-- \/module image -->\t        <\/div>\n\t    \t<\/div>\n\t\t    <\/div>\n\t    <!-- \/row_inner -->\n\t<\/div>\n\t<!-- \/module_row -->\n\t<\/div>\n<!--\/themify_builder_content-->","protected":false},"excerpt":{"rendered":"","protected":false},"author":1,"featured_media":0,"parent":0,"menu_order":0,"comment_status":"closed","ping_status":"closed","template":"","meta":[],"builder_content":"<img src=\"http:\/\/rosekosmetikstudio.de\/wordpress\/wp-content\/uploads\/2016\/01\/LOGO700.png\" width=\"700\" height=\"624\" title=\"Willkommen\" alt=\"Willkommen\">\n<h1 style=\"text-align: center;\"><strong>UNVERGLEICHBARE PFLEGE<\/strong><\/h1>\n<p>Erleben Sie au\u00dfergew\u00f6hnliche und wirkungsvolle Beauty-Programme.<\/p><p style=\"text-align: center;\">[themify_button style=\"grey large\u00a0flat\" color=\"#a4144f\" text=\"white\" link=\"http:\/\/rosekosmetikstudio.de\/wordpress\/angebot\/\"]Unser Angebot[\/themify_button]<\/p>\n<img src=\"http:\/\/rosekosmetikstudio.de\/wordpress\/wp-content\/uploads\/2024\/08\/rose-2408-09.jpg\" width=\"1312\" height=\"300\" title=\"Willkommen\" alt=\"Willkommen\">\n<h3><a href=\"http:\/\/rosekosmetikstudio.de\/wordpress\/landing\/\">IHRE\u00a0ENTSPANNUNGS-OASE<\/a><\/h3><p>Wir verw\u00f6hnen Ihre Haut mit hochwertigen Pflegeprodukten. Genie\u00dfen Sie Ruhe und Entspannung f\u00fcr K\u00f6rper und Geist in einem sch\u00f6nen Ambiente.\u00a0Entfliehen Sie aus dem Alltag und lassen Sie sich von unserem Team mit Wellness- und Sch\u00f6nheitsbehandlungen verw\u00f6hnen.<a href=\"http:\/\/rosekosmetikstudio.de\/wordpress\/ueber_uns\"> Lernen sie unser Team und Studio n\u00e4her kennen...<\/a><\/p>\n<h3 style=\"text-align: right;\">UNSERE PARTNER<\/h3> <p style=\"text-align: right;\">Kosmetikstudio Rose kooperiert mit mehreren renommierten Unternehmen um Ihnen ein breit gef\u00e4chertes Angebot und hervorragende Preise zu bieten.\u00a0<\/p>\n<img src=\"http:\/\/rosekosmetikstudio.de\/wordpress\/wp-content\/uploads\/2016\/01\/PIC3-1.png\" width=\"1500\" height=\"735\" title=\"Willkommen\" alt=\"Willkommen\">\n<h3><\/h3><iframe frameborder=\"0\" scrolling=\"no\" marginheight=\"0\" marginwidth=\"0\" src=\"https:\/\/maps.google.com\/maps?q=Nordstra%C3%9Fe+23+Holzwickede&amp;t=m&amp;z=13&amp;output=embed&amp;iwloc=near\"><\/iframe>\n<h3 style=\"text-align: left;\"><a href=\"http:\/\/rosekosmetikstudio.de\/wordpress\/landing\/\">INTERESSIERT?<\/a><\/h3><p style=\"text-align: left;\">Besuchen Sie uns oder rufen Sie einfach an! <a href=\"http:\/\/rosekosmetikstudio.de\/wordpress\/Kontakt\/\">Nehmen Sie Kontakt auf...<\/a><\/p><p style=\"text-align: right;\">\u00a0<\/p>\n<p style=\"text-align: right;\"><iframe loading=\"lazy\" style=\"border: 0;\" src=\"https:\/\/www.google.com\/maps\/embed?pb=!1m18!1m12!1m3!1d2483.3054805073366!2d7.615042215349961!3d51.50761137963513!2m3!1f0!2f0!3f0!3m2!1i1024!2i768!4f13.1!3m3!1m2!1s0x47b9146500d9ba05%3A0xf022884b4e738dd6!2sKosmetikstudio%20f%C3%BCr%20Sie%20und%20Ihn%20Inh.%20Danica%20Rose!5e0!3m2!1sde!2sde!4v1616240420474!5m2!1sde!2sde\" width=\"600\" height=\"450\" allowfullscreen=\"allowfullscreen\"><\/iframe><\/p>\n<h3 style=\"text-align: left;\"><a href=\"http:\/\/rosekosmetikstudio.de\/wordpress\/landing\/\">INTERESSIERT?<\/a><\/h3><p style=\"text-align: left;\">Besuchen Sie uns oder rufen Sie einfach an! <a href=\"http:\/\/rosekosmetikstudio.de\/wordpress\/Kontakt\/\">Nehmen Sie Kontakt auf...<\/a><\/p><p style=\"text-align: right;\">\u00a0<\/p>","_links":{"self":[{"href":"https:\/\/rosekosmetikstudio.de\/wordpress\/wp-json\/wp\/v2\/pages\/5209"}],"collection":[{"href":"https:\/\/rosekosmetikstudio.de\/wordpress\/wp-json\/wp\/v2\/pages"}],"about":[{"href":"https:\/\/rosekosmetikstudio.de\/wordpress\/wp-json\/wp\/v2\/types\/page"}],"author":[{"embeddable":true,"href":"https:\/\/rosekosmetikstudio.de\/wordpress\/wp-json\/wp\/v2\/users\/1"}],"replies":[{"embeddable":true,"href":"https:\/\/rosekosmetikstudio.de\/wordpress\/wp-json\/wp\/v2\/comments?post=5209"}],"version-history":[{"count":12,"href":"https:\/\/rosekosmetikstudio.de\/wordpress\/wp-json\/wp\/v2\/pages\/5209\/revisions"}],"predecessor-version":[{"id":5508,"href":"https:\/\/rosekosmetikstudio.de\/wordpress\/wp-json\/wp\/v2\/pages\/5209\/revisions\/5508"}],"wp:attachment":[{"href":"https:\/\/rosekosmetikstudio.de\/wordpress\/wp-json\/wp\/v2\/media?parent=5209"}],"curies":[{"name":"wp","href":"https:\/\/api.w.org\/{rel}","templated":true}]}}