{"id":5279,"date":"2016-01-28T17:09:53","date_gmt":"2016-01-28T16:09:53","guid":{"rendered":"http:\/\/rosekosmetikstudio.de\/wordpress\/ueber-uns-copy\/"},"modified":"2020-04-21T14:25:32","modified_gmt":"2020-04-21T12:25:32","slug":"partner","status":"publish","type":"page","link":"http:\/\/rosekosmetikstudio.de\/wordpress\/partner\/","title":{"rendered":"Partner"},"content":{"rendered":"<!--themify_builder_content-->\n<div id=\"themify_builder_content-5279\" data-postid=\"5279\" class=\"themify_builder_content themify_builder_content-5279 themify_builder tf_clear\">\n    \t<!-- module_row -->\n\t<div  data-css_id=\"yzmi595\" data-lazy=\"1\" class=\"module_row themify_builder_row builder-parallax-scrolling fullwidth_row_container tb_yzmi595 tb_first tf_clearfix\" >\n\t    <div class=\"builder_row_cover tf_abs\"><\/div>\t\t<div class=\"row_inner col_align_top col-count-3 tf_box tf_w tf_rel\">\n\t\t\t<div  data-lazy=\"1\" class=\"module_column tb-column col3-1  first tb_wcwa080 tf_box\">\n\t\t\t    \t<\/div>\n\t\t<div  data-lazy=\"1\" class=\"module_column tb-column col3-1 middle tb_7owb009 tf_box\">\n\t\t\t    \t        <div class=\"tb-column-inner tf_box tf_w\">\n\t\t    <!-- module image -->\n<div  class=\"module module-image tb_8jyx080    image-top tf_mw\" data-lazy=\"1\">\n        <div class=\"image-wrap tf_rel tf_mw\">\n\t\t    <img loading=\"lazy\" width=\"700\" height=\"510\" src=\"http:\/\/rosekosmetikstudio.de\/wordpress\/wp-content\/uploads\/2016\/01\/partner700.png\" class=\"wp-post-image wp-image-5282\" title=\"partner700\" alt=\"partner700\" srcset=\"http:\/\/rosekosmetikstudio.de\/wordpress\/wp-content\/uploads\/2016\/01\/partner700.png 700w, http:\/\/rosekosmetikstudio.de\/wordpress\/wp-content\/uploads\/2016\/01\/partner700-300x219.png 300w\" sizes=\"(max-width: 700px) 100vw, 700px\" \/>\t\n\t\t<\/div>\n\t<!-- \/image-wrap -->\n    \n    \t<\/div>\n<!-- \/module image -->\t        <\/div>\n\t    \t<\/div>\n\t\t<div  data-lazy=\"1\" class=\"module_column tb-column col3-1  last tb_xqpk182 tf_box\">\n\t\t\t    \t<\/div>\n\t\t    <\/div>\n\t    <!-- \/row_inner -->\n\t<\/div>\n\t<!-- \/module_row -->\n\t\t<!-- module_row -->\n\t<div  data-lazy=\"1\" class=\"module_row themify_builder_row tb_nvkl802 tf_clearfix\" >\n\t    \t\t<div class=\"row_inner col_align_top col-count-2 tf_box tf_w tf_rel\">\n\t\t\t<div  data-lazy=\"1\" class=\"module_column tb-column col3-2  first tb_8x6m004 tf_box\">\n\t\t\t    \t        <div class=\"tb-column-inner tf_box tf_w\">\n\t\t    <!-- module text -->\n<div  class=\"module module-text tb_5tht860    wow\" data-tf-animation=\"fadeInLeft\" data-lazy=\"1\">\n        <div  class=\"tb_text_wrap\">\n    <h3 style=\"text-align: left;\"><span style=\"color: #a3144f;\">UNSERE PARTNER<\/span><\/h3><p>Durch unsere Kooperation\u00a0mit mehreren renommierten Unternehmen ist es uns m\u00f6glich\u00a0Ihnen ein breit gef\u00e4chertes Angebot und hervorragende Preise zu bieten.\u00a0Um Sie und Ihre Haut intensiv und wohltuend zu pflegen werden in unseren\u00a0Behandlungen stets hochwertige Markenprodukte unserer\u00a0Kooperationspartner verwendet. Damit Sie diese wichtige Pflege au\u00dferhalb unserer Behandlungen fortf\u00fchren k\u00f6nnen haben Sie die M\u00f6glichkeit unsere hochwertigen Produkte vor Ort k\u00e4uflich zu erwerben. So kann Ihnen unser erfahrenes Team bei der Suche und Findung der f\u00fcr Ihren Hauttyp richtigen Pflegeprodukte mit Rat und Tat zur Seite stehen. Des Weiteren ist es Ihnen m\u00f6glich die zur Verf\u00fcgung stehenden Produkte zu testen. Derzeitig kooperieren wir mit den Firmen Payot, Allpresan, Klapp,\u00a0Ionto-Comed,\u00a0Ruck, Atam\u00e9 und Cosart.<\/p>    <\/div>\n<\/div>\n<!-- \/module text -->\t        <\/div>\n\t    \t<\/div>\n\t\t<div  data-lazy=\"1\" class=\"module_column tb-column col3-1  last tb_t0g7207 tf_box\">\n\t\t\t    \t        <div class=\"tb-column-inner tf_box tf_w\">\n\t\t    <!-- module image -->\n<div  class=\"module module-image tb_p9kg170 rounded  image-top tf_mw wow\" data-tf-animation=\"fadeInRight\" data-lazy=\"1\">\n        <div class=\"image-wrap tf_rel tf_mw\">\n\t\t    <img loading=\"lazy\" width=\"1500\" height=\"948\" src=\"http:\/\/rosekosmetikstudio.de\/wordpress\/wp-content\/uploads\/2016\/01\/PIC3.png\" class=\"wp-post-image wp-image-5222\" title=\"PIC3\" alt=\"PIC3\" srcset=\"http:\/\/rosekosmetikstudio.de\/wordpress\/wp-content\/uploads\/2016\/01\/PIC3.png 1500w, http:\/\/rosekosmetikstudio.de\/wordpress\/wp-content\/uploads\/2016\/01\/PIC3-300x190.png 300w, http:\/\/rosekosmetikstudio.de\/wordpress\/wp-content\/uploads\/2016\/01\/PIC3-768x485.png 768w, http:\/\/rosekosmetikstudio.de\/wordpress\/wp-content\/uploads\/2016\/01\/PIC3-1024x647.png 1024w\" sizes=\"(max-width: 1500px) 100vw, 1500px\" \/>\t\n\t\t<\/div>\n\t<!-- \/image-wrap -->\n    \n    \t<\/div>\n<!-- \/module image -->\t        <\/div>\n\t    \t<\/div>\n\t\t    <\/div>\n\t    <!-- \/row_inner -->\n\t<\/div>\n\t<!-- \/module_row -->\n\t\t<!-- module_row -->\n\t<div  data-lazy=\"1\" class=\"module_row themify_builder_row tb_uyhp700 tf_clearfix\" >\n\t    <div class=\"builder_row_cover tf_abs\"><\/div>\t\t<div class=\"row_inner col_align_top gutter-none col-count-3 tf_box tf_w tf_rel\">\n\t\t\t<div  data-lazy=\"1\" class=\"module_column tb-column col3-1  first tb_hd31002 tf_box\">\n\t\t\t    \t        <div class=\"tb-column-inner tf_box tf_w\">\n\t\t    <!-- module image -->\n<div  class=\"module module-image tb_3ami810    image-top tf_mw wow\" data-tf-animation=\"fadeIn\" data-lazy=\"1\">\n        <div class=\"image-wrap tf_rel tf_mw\">\n\t\t    <img loading=\"lazy\" width=\"818\" height=\"103\" src=\"http:\/\/rosekosmetikstudio.de\/wordpress\/wp-content\/uploads\/2016\/02\/payot-alpresant.png\" class=\"wp-post-image wp-image-5301\" title=\"payot-alpresant\" alt=\"payot-alpresant\" srcset=\"http:\/\/rosekosmetikstudio.de\/wordpress\/wp-content\/uploads\/2016\/02\/payot-alpresant.png 818w, http:\/\/rosekosmetikstudio.de\/wordpress\/wp-content\/uploads\/2016\/02\/payot-alpresant-300x38.png 300w, http:\/\/rosekosmetikstudio.de\/wordpress\/wp-content\/uploads\/2016\/02\/payot-alpresant-768x97.png 768w\" sizes=\"(max-width: 818px) 100vw, 818px\" \/>\t\n\t\t<\/div>\n\t<!-- \/image-wrap -->\n    \n    \t<\/div>\n<!-- \/module image -->\t        <\/div>\n\t    \t<\/div>\n\t\t<div  data-lazy=\"1\" class=\"module_column tb-column col3-1 middle tb_x2kh006 tf_box\">\n\t\t\t    \t        <div class=\"tb-column-inner tf_box tf_w\">\n\t\t    <!-- module image -->\n<div  class=\"module module-image tb_4ql9070    image-top tf_mw wow\" data-tf-animation=\"fadeIn\" data-lazy=\"1\">\n        <div class=\"image-wrap tf_rel tf_mw\">\n\t\t    <img loading=\"lazy\" width=\"818\" height=\"153\" src=\"http:\/\/rosekosmetikstudio.de\/wordpress\/wp-content\/uploads\/2016\/02\/klappruckionto.png\" class=\"wp-post-image wp-image-5306\" title=\"klappruckionto\" alt=\"klappruckionto\" srcset=\"http:\/\/rosekosmetikstudio.de\/wordpress\/wp-content\/uploads\/2016\/02\/klappruckionto.png 818w, http:\/\/rosekosmetikstudio.de\/wordpress\/wp-content\/uploads\/2016\/02\/klappruckionto-300x56.png 300w, http:\/\/rosekosmetikstudio.de\/wordpress\/wp-content\/uploads\/2016\/02\/klappruckionto-768x144.png 768w\" sizes=\"(max-width: 818px) 100vw, 818px\" \/>\t\n\t\t<\/div>\n\t<!-- \/image-wrap -->\n    \n    \t<\/div>\n<!-- \/module image -->\t        <\/div>\n\t    \t<\/div>\n\t\t<div  data-lazy=\"1\" class=\"module_column tb-column col3-1  last tb_01gt090 tf_box\">\n\t\t\t    \t        <div class=\"tb-column-inner tf_box tf_w\">\n\t\t    <!-- module image -->\n<div  class=\"module module-image tb_oakc000    image-top tf_mw wow\" data-tf-animation=\"fadeIn\" data-lazy=\"1\">\n        <div class=\"image-wrap tf_rel tf_mw\">\n\t\t    <img loading=\"lazy\" width=\"818\" height=\"153\" src=\"http:\/\/rosekosmetikstudio.de\/wordpress\/wp-content\/uploads\/2016\/02\/cosart-atame.png\" class=\"wp-post-image wp-image-5305\" title=\"cosart-atame\" alt=\"cosart-atame\" srcset=\"http:\/\/rosekosmetikstudio.de\/wordpress\/wp-content\/uploads\/2016\/02\/cosart-atame.png 818w, http:\/\/rosekosmetikstudio.de\/wordpress\/wp-content\/uploads\/2016\/02\/cosart-atame-300x56.png 300w, http:\/\/rosekosmetikstudio.de\/wordpress\/wp-content\/uploads\/2016\/02\/cosart-atame-768x144.png 768w\" sizes=\"(max-width: 818px) 100vw, 818px\" \/>\t\n\t\t<\/div>\n\t<!-- \/image-wrap -->\n    \n    \t<\/div>\n<!-- \/module image -->\t        <\/div>\n\t    \t<\/div>\n\t\t    <\/div>\n\t    <!-- \/row_inner -->\n\t<\/div>\n\t<!-- \/module_row -->\n\t<\/div>\n<!--\/themify_builder_content-->","protected":false},"excerpt":{"rendered":"<p>UNSERE PARTNER Durch unsere Kooperation\u00a0mit mehreren renommierten Unternehmen ist es uns m\u00f6glich\u00a0Ihnen ein breit gef\u00e4chertes Angebot und hervorragende Preise zu bieten.\u00a0Um Sie und Ihre Haut intensiv und wohltuend zu pflegen werden in unseren\u00a0Behandlungen stets hochwertige Markenprodukte unserer\u00a0Kooperationspartner verwendet. Damit Sie diese wichtige Pflege au\u00dferhalb unserer Behandlungen fortf\u00fchren k\u00f6nnen haben Sie die M\u00f6glichkeit unsere hochwertigen Produkte [&hellip;]<\/p>\n","protected":false},"author":1,"featured_media":0,"parent":0,"menu_order":0,"comment_status":"closed","ping_status":"closed","template":"","meta":[],"builder_content":"<img loading=\"lazy\" width=\"700\" height=\"510\" src=\"http:\/\/rosekosmetikstudio.de\/wordpress\/wp-content\/uploads\/2016\/01\/partner700.png\" title=\"partner700\" alt=\"partner700\" srcset=\"http:\/\/rosekosmetikstudio.de\/wordpress\/wp-content\/uploads\/2016\/01\/partner700.png 700w, http:\/\/rosekosmetikstudio.de\/wordpress\/wp-content\/uploads\/2016\/01\/partner700-300x219.png 300w\" sizes=\"(max-width: 700px) 100vw, 700px\" \/>\n<h3 style=\"text-align: left;\">UNSERE PARTNER<\/h3><p>Durch unsere Kooperation\u00a0mit mehreren renommierten Unternehmen ist es uns m\u00f6glich\u00a0Ihnen ein breit gef\u00e4chertes Angebot und hervorragende Preise zu bieten.\u00a0Um Sie und Ihre Haut intensiv und wohltuend zu pflegen werden in unseren\u00a0Behandlungen stets hochwertige Markenprodukte unserer\u00a0Kooperationspartner verwendet. Damit Sie diese wichtige Pflege au\u00dferhalb unserer Behandlungen fortf\u00fchren k\u00f6nnen haben Sie die M\u00f6glichkeit unsere hochwertigen Produkte vor Ort k\u00e4uflich zu erwerben. So kann Ihnen unser erfahrenes Team bei der Suche und Findung der f\u00fcr Ihren Hauttyp richtigen Pflegeprodukte mit Rat und Tat zur Seite stehen. Des Weiteren ist es Ihnen m\u00f6glich die zur Verf\u00fcgung stehenden Produkte zu testen. Derzeitig kooperieren wir mit den Firmen Payot, Allpresan, Klapp,\u00a0Ionto-Comed,\u00a0Ruck, Atam\u00e9 und Cosart.<\/p>\n<img loading=\"lazy\" width=\"1500\" height=\"948\" src=\"http:\/\/rosekosmetikstudio.de\/wordpress\/wp-content\/uploads\/2016\/01\/PIC3.png\" title=\"PIC3\" alt=\"PIC3\" srcset=\"http:\/\/rosekosmetikstudio.de\/wordpress\/wp-content\/uploads\/2016\/01\/PIC3.png 1500w, http:\/\/rosekosmetikstudio.de\/wordpress\/wp-content\/uploads\/2016\/01\/PIC3-300x190.png 300w, http:\/\/rosekosmetikstudio.de\/wordpress\/wp-content\/uploads\/2016\/01\/PIC3-768x485.png 768w, http:\/\/rosekosmetikstudio.de\/wordpress\/wp-content\/uploads\/2016\/01\/PIC3-1024x647.png 1024w\" sizes=\"(max-width: 1500px) 100vw, 1500px\" \/>\n<img loading=\"lazy\" width=\"818\" height=\"103\" src=\"http:\/\/rosekosmetikstudio.de\/wordpress\/wp-content\/uploads\/2016\/02\/payot-alpresant.png\" title=\"payot-alpresant\" alt=\"payot-alpresant\" srcset=\"http:\/\/rosekosmetikstudio.de\/wordpress\/wp-content\/uploads\/2016\/02\/payot-alpresant.png 818w, http:\/\/rosekosmetikstudio.de\/wordpress\/wp-content\/uploads\/2016\/02\/payot-alpresant-300x38.png 300w, http:\/\/rosekosmetikstudio.de\/wordpress\/wp-content\/uploads\/2016\/02\/payot-alpresant-768x97.png 768w\" sizes=\"(max-width: 818px) 100vw, 818px\" \/>\n<img loading=\"lazy\" width=\"818\" height=\"153\" src=\"http:\/\/rosekosmetikstudio.de\/wordpress\/wp-content\/uploads\/2016\/02\/klappruckionto.png\" title=\"klappruckionto\" alt=\"klappruckionto\" srcset=\"http:\/\/rosekosmetikstudio.de\/wordpress\/wp-content\/uploads\/2016\/02\/klappruckionto.png 818w, http:\/\/rosekosmetikstudio.de\/wordpress\/wp-content\/uploads\/2016\/02\/klappruckionto-300x56.png 300w, http:\/\/rosekosmetikstudio.de\/wordpress\/wp-content\/uploads\/2016\/02\/klappruckionto-768x144.png 768w\" sizes=\"(max-width: 818px) 100vw, 818px\" \/>\n<img loading=\"lazy\" width=\"818\" height=\"153\" src=\"http:\/\/rosekosmetikstudio.de\/wordpress\/wp-content\/uploads\/2016\/02\/cosart-atame.png\" title=\"cosart-atame\" alt=\"cosart-atame\" srcset=\"http:\/\/rosekosmetikstudio.de\/wordpress\/wp-content\/uploads\/2016\/02\/cosart-atame.png 818w, http:\/\/rosekosmetikstudio.de\/wordpress\/wp-content\/uploads\/2016\/02\/cosart-atame-300x56.png 300w, http:\/\/rosekosmetikstudio.de\/wordpress\/wp-content\/uploads\/2016\/02\/cosart-atame-768x144.png 768w\" sizes=\"(max-width: 818px) 100vw, 818px\" \/>","_links":{"self":[{"href":"http:\/\/rosekosmetikstudio.de\/wordpress\/wp-json\/wp\/v2\/pages\/5279"}],"collection":[{"href":"http:\/\/rosekosmetikstudio.de\/wordpress\/wp-json\/wp\/v2\/pages"}],"about":[{"href":"http:\/\/rosekosmetikstudio.de\/wordpress\/wp-json\/wp\/v2\/types\/page"}],"author":[{"embeddable":true,"href":"http:\/\/rosekosmetikstudio.de\/wordpress\/wp-json\/wp\/v2\/users\/1"}],"replies":[{"embeddable":true,"href":"http:\/\/rosekosmetikstudio.de\/wordpress\/wp-json\/wp\/v2\/comments?post=5279"}],"version-history":[{"count":2,"href":"http:\/\/rosekosmetikstudio.de\/wordpress\/wp-json\/wp\/v2\/pages\/5279\/revisions"}],"predecessor-version":[{"id":5281,"href":"http:\/\/rosekosmetikstudio.de\/wordpress\/wp-json\/wp\/v2\/pages\/5279\/revisions\/5281"}],"wp:attachment":[{"href":"http:\/\/rosekosmetikstudio.de\/wordpress\/wp-json\/wp\/v2\/media?parent=5279"}],"curies":[{"name":"wp","href":"https:\/\/api.w.org\/{rel}","templated":true}]}}