{"id":5274,"date":"2016-01-27T18:12:41","date_gmt":"2016-01-27T17:12:41","guid":{"rendered":"http:\/\/rosekosmetikstudio.de\/wordpress\/kontakt-copy\/"},"modified":"2020-04-21T14:37:38","modified_gmt":"2020-04-21T12:37:38","slug":"impressum","status":"publish","type":"page","link":"http:\/\/rosekosmetikstudio.de\/wordpress\/impressum\/","title":{"rendered":"Impressum"},"content":{"rendered":"<!--themify_builder_content-->\n<div id=\"themify_builder_content-5274\" data-postid=\"5274\" class=\"themify_builder_content themify_builder_content-5274 themify_builder tf_clear\">\n    \t<!-- module_row -->\n\t<div  data-css_id=\"8lfc569\" data-lazy=\"1\" class=\"module_row themify_builder_row builder-parallax-scrolling fullwidth_row_container tb_8lfc569 tb_first tf_clearfix\" >\n\t    <div class=\"builder_row_cover tf_abs\"><\/div>\t\t<div class=\"row_inner col_align_top col-count-3 tf_box tf_w tf_rel\">\n\t\t\t<div  data-lazy=\"1\" class=\"module_column tb-column col3-1  first tb_lm2a005 tf_box\">\n\t\t\t    \t<\/div>\n\t\t<div  data-lazy=\"1\" class=\"module_column tb-column col3-1 middle tb_poh4056 tf_box\">\n\t\t\t    \t        <div class=\"tb-column-inner tf_box tf_w\">\n\t\t    <!-- module image -->\n<div  class=\"module module-image tb_6fnh666    image-top tf_mw\" data-lazy=\"1\">\n        <div class=\"image-wrap tf_rel tf_mw\">\n\t\t    <img loading=\"lazy\" width=\"700\" height=\"510\" src=\"http:\/\/rosekosmetikstudio.de\/wordpress\/wp-content\/uploads\/2016\/01\/Impressum700.png\" class=\"wp-post-image wp-image-5277\" title=\"Impressum700\" alt=\"Impressum700\" srcset=\"http:\/\/rosekosmetikstudio.de\/wordpress\/wp-content\/uploads\/2016\/01\/Impressum700.png 700w, http:\/\/rosekosmetikstudio.de\/wordpress\/wp-content\/uploads\/2016\/01\/Impressum700-300x219.png 300w\" sizes=\"(max-width: 700px) 100vw, 700px\" \/>\t\n\t\t<\/div>\n\t<!-- \/image-wrap -->\n    \n    \t<\/div>\n<!-- \/module image -->\t        <\/div>\n\t    \t<\/div>\n\t\t<div  data-lazy=\"1\" class=\"module_column tb-column col3-1  last tb_bh79755 tf_box\">\n\t\t\t    \t<\/div>\n\t\t    <\/div>\n\t    <!-- \/row_inner -->\n\t<\/div>\n\t<!-- \/module_row -->\n\t\t<!-- module_row -->\n\t<div  data-lazy=\"1\" class=\"module_row themify_builder_row tb_1u2d075 tf_clearfix\" >\n\t    \t\t<div class=\"row_inner col_align_top col-count-1 tf_box tf_w tf_rel\">\n\t\t\t<div  data-lazy=\"1\" class=\"module_column tb-column col-full   first tb_1swh005 tf_box\">\n\t\t\t    \t        <div class=\"tb-column-inner tf_box tf_w\">\n\t\t    <!-- module text -->\n<div  class=\"module module-text tb_1crx500   \" data-lazy=\"1\">\n        <div  class=\"tb_text_wrap\">\n    <p><span style=\"color: #808080;\">Verantwortlich f\u00fcr den Inhalt dieser Seite:<\/span><\/p><p>Rose Kosmetikstudio<\/p><p>Danica Rose<br \/>Nordstra\u00dfe 23<br \/>59439 Holzwickede<\/p><p>Telefon: 02301 \/ 297886<\/p><p><span style=\"color: #808080;\">Trotz sorgf\u00e4ltiger inhaltlicher Kontrolle \u00fcbernehmen wir keine Haftung f\u00fcr die Inhalte externer Links. F\u00fcr den Inhalt der verlinkten Seiten sind ausschlie\u00dflich deren Betreiber verantwortlich.<\/span><\/p>    <\/div>\n<\/div>\n<!-- \/module text -->\t        <\/div>\n\t    \t<\/div>\n\t\t    <\/div>\n\t    <!-- \/row_inner -->\n\t<\/div>\n\t<!-- \/module_row -->\n\t<\/div>\n<!--\/themify_builder_content-->","protected":false},"excerpt":{"rendered":"<p>Verantwortlich f\u00fcr den Inhalt dieser Seite: Rose Kosmetikstudio Danica RoseNordstra\u00dfe 2359439 Holzwickede Telefon: 02301 \/ 297886 Trotz sorgf\u00e4ltiger inhaltlicher Kontrolle \u00fcbernehmen wir keine Haftung f\u00fcr die Inhalte externer Links. F\u00fcr den Inhalt der verlinkten Seiten sind ausschlie\u00dflich deren Betreiber verantwortlich.<\/p>\n","protected":false},"author":1,"featured_media":0,"parent":0,"menu_order":0,"comment_status":"closed","ping_status":"closed","template":"","meta":[],"builder_content":"<img loading=\"lazy\" width=\"700\" height=\"510\" src=\"http:\/\/rosekosmetikstudio.de\/wordpress\/wp-content\/uploads\/2016\/01\/Impressum700.png\" title=\"Impressum700\" alt=\"Impressum700\" srcset=\"http:\/\/rosekosmetikstudio.de\/wordpress\/wp-content\/uploads\/2016\/01\/Impressum700.png 700w, http:\/\/rosekosmetikstudio.de\/wordpress\/wp-content\/uploads\/2016\/01\/Impressum700-300x219.png 300w\" sizes=\"(max-width: 700px) 100vw, 700px\" \/>\n<p>Verantwortlich f\u00fcr den Inhalt dieser Seite:<\/p><p>Rose Kosmetikstudio<\/p><p>Danica Rose<br \/>Nordstra\u00dfe 23<br \/>59439 Holzwickede<\/p><p>Telefon: 02301 \/ 297886<\/p><p>Trotz sorgf\u00e4ltiger inhaltlicher Kontrolle \u00fcbernehmen wir keine Haftung f\u00fcr die Inhalte externer Links. F\u00fcr den Inhalt der verlinkten Seiten sind ausschlie\u00dflich deren Betreiber verantwortlich.<\/p>","_links":{"self":[{"href":"http:\/\/rosekosmetikstudio.de\/wordpress\/wp-json\/wp\/v2\/pages\/5274"}],"collection":[{"href":"http:\/\/rosekosmetikstudio.de\/wordpress\/wp-json\/wp\/v2\/pages"}],"about":[{"href":"http:\/\/rosekosmetikstudio.de\/wordpress\/wp-json\/wp\/v2\/types\/page"}],"author":[{"embeddable":true,"href":"http:\/\/rosekosmetikstudio.de\/wordpress\/wp-json\/wp\/v2\/users\/1"}],"replies":[{"embeddable":true,"href":"http:\/\/rosekosmetikstudio.de\/wordpress\/wp-json\/wp\/v2\/comments?post=5274"}],"version-history":[{"count":2,"href":"http:\/\/rosekosmetikstudio.de\/wordpress\/wp-json\/wp\/v2\/pages\/5274\/revisions"}],"predecessor-version":[{"id":5276,"href":"http:\/\/rosekosmetikstudio.de\/wordpress\/wp-json\/wp\/v2\/pages\/5274\/revisions\/5276"}],"wp:attachment":[{"href":"http:\/\/rosekosmetikstudio.de\/wordpress\/wp-json\/wp\/v2\/media?parent=5274"}],"curies":[{"name":"wp","href":"https:\/\/api.w.org\/{rel}","templated":true}]}}